{"id":5877,"date":"2025-04-06T14:56:53","date_gmt":"2025-04-06T12:56:53","guid":{"rendered":"https:\/\/cantec.ee\/konfidencialitates-politika\/"},"modified":"2026-04-02T18:56:18","modified_gmt":"2026-04-02T16:56:18","slug":"konfidencialitates-politika","status":"publish","type":"page","link":"https:\/\/cantec.ee\/lv\/konfidencialitates-politika\/","title":{"rendered":"Konfidencialit\u0101tes politika"},"content":{"rendered":"\t\t<div data-elementor-type=\"wp-page\" data-elementor-id=\"5877\" class=\"elementor elementor-5877 elementor-3\" data-elementor-post-type=\"page\">\n\t\t\t\t<div class=\"elementor-element elementor-element-3344dcbd e-flex e-con-boxed e-con e-parent\" data-id=\"3344dcbd\" data-element_type=\"container\" data-e-type=\"container\" id=\"totop\" data-settings=\"{&quot;background_background&quot;:&quot;classic&quot;}\">\n\t\t\t\t\t<div class=\"e-con-inner\">\n\t\t<div class=\"elementor-element elementor-element-19854751 e-con-full e-flex e-con e-child\" data-id=\"19854751\" data-element_type=\"container\" data-e-type=\"container\">\n\t\t\t\t<div class=\"elementor-element elementor-element-1771c746 elementor-invisible elementor-widget elementor-widget-heading\" data-id=\"1771c746\" data-element_type=\"widget\" data-e-type=\"widget\" data-settings=\"{&quot;_animation&quot;:&quot;fadeInLeft&quot;,&quot;ekit_we_effect_on&quot;:&quot;none&quot;}\" data-widget_type=\"heading.default\">\n\t\t\t\t<div class=\"elementor-widget-container\">\n\t\t\t\t\t<h1 class=\"elementor-heading-title elementor-size-default\">Konfidencialit\u0101tes politika<\/h1>\t\t\t\t<\/div>\n\t\t\t\t<\/div>\n\t\t\t\t<div class=\"elementor-element elementor-element-1363d688 elementor-widget elementor-widget-spacer\" data-id=\"1363d688\" data-element_type=\"widget\" data-e-type=\"widget\" data-settings=\"{&quot;ekit_we_effect_on&quot;:&quot;none&quot;}\" data-widget_type=\"spacer.default\">\n\t\t\t\t<div class=\"elementor-widget-container\">\n\t\t\t\t\t\t\t<div class=\"elementor-spacer\">\n\t\t\t<div class=\"elementor-spacer-inner\"><\/div>\n\t\t<\/div>\n\t\t\t\t\t\t<\/div>\n\t\t\t\t<\/div>\n\t\t<div class=\"elementor-element elementor-element-51939345 e-con-full e-flex elementor-invisible e-con e-child\" data-id=\"51939345\" data-element_type=\"container\" data-e-type=\"container\" data-settings=\"{&quot;animation&quot;:&quot;fadeInUp&quot;,&quot;animation_delay&quot;:200}\">\n\t\t<div class=\"elementor-element elementor-element-5bbb3d4d e-con-full e-flex e-con e-child\" data-id=\"5bbb3d4d\" data-element_type=\"container\" data-e-type=\"container\">\n\t\t\t\t<div class=\"elementor-element elementor-element-34edb60 elementor-widget elementor-widget-spacer\" data-id=\"34edb60\" data-element_type=\"widget\" data-e-type=\"widget\" data-settings=\"{&quot;ekit_we_effect_on&quot;:&quot;none&quot;}\" data-widget_type=\"spacer.default\">\n\t\t\t\t<div class=\"elementor-widget-container\">\n\t\t\t\t\t\t\t<div class=\"elementor-spacer\">\n\t\t\t<div class=\"elementor-spacer-inner\"><\/div>\n\t\t<\/div>\n\t\t\t\t\t\t<\/div>\n\t\t\t\t<\/div>\n\t\t\t\t<\/div>\n\t\t<div class=\"elementor-element elementor-element-1fa7880c e-con-full e-flex e-con e-child\" data-id=\"1fa7880c\" data-element_type=\"container\" data-e-type=\"container\" data-settings=\"{&quot;background_background&quot;:&quot;classic&quot;}\">\n\t\t\t\t<div class=\"elementor-element elementor-element-18c2dfe3 elementor-widget elementor-widget-text-editor\" data-id=\"18c2dfe3\" data-element_type=\"widget\" data-e-type=\"widget\" data-settings=\"{&quot;ekit_we_effect_on&quot;:&quot;none&quot;}\" data-widget_type=\"text-editor.default\">\n\t\t\t\t<div class=\"elementor-widget-container\">\n\t\t\t\t\t\t\t\t\t<p><a href=\"\/\">S\u0101kums<\/a> \/ Priv\u0101tuma politika<\/p>\t\t\t\t\t\t\t\t<\/div>\n\t\t\t\t<\/div>\n\t\t\t\t<\/div>\n\t\t<div class=\"elementor-element elementor-element-311d1a10 e-con-full e-flex e-con e-child\" data-id=\"311d1a10\" data-element_type=\"container\" data-e-type=\"container\">\n\t\t\t\t<div class=\"elementor-element elementor-element-4814247d elementor-widget elementor-widget-spacer\" data-id=\"4814247d\" data-element_type=\"widget\" data-e-type=\"widget\" data-settings=\"{&quot;ekit_we_effect_on&quot;:&quot;none&quot;}\" data-widget_type=\"spacer.default\">\n\t\t\t\t<div class=\"elementor-widget-container\">\n\t\t\t\t\t\t\t<div class=\"elementor-spacer\">\n\t\t\t<div class=\"elementor-spacer-inner\"><\/div>\n\t\t<\/div>\n\t\t\t\t\t\t<\/div>\n\t\t\t\t<\/div>\n\t\t\t\t<\/div>\n\t\t\t\t<\/div>\n\t\t\t\t<\/div>\n\t\t\t\t\t<\/div>\n\t\t\t\t<\/div>\n\t\t<div class=\"elementor-element elementor-element-2fc7a988 e-flex e-con-boxed e-con e-parent\" data-id=\"2fc7a988\" data-element_type=\"container\" data-e-type=\"container\">\n\t\t\t\t\t<div class=\"e-con-inner\">\n\t\t\t\t<div class=\"elementor-element elementor-element-1c489eb3 elementor-widget elementor-widget-text-editor\" data-id=\"1c489eb3\" data-element_type=\"widget\" data-e-type=\"widget\" data-settings=\"{&quot;ekit_we_effect_on&quot;:&quot;none&quot;}\" data-widget_type=\"text-editor.default\">\n\t\t\t\t<div class=\"elementor-widget-container\">\n\t\t\t\t\t\t\t\t\t\n<h2 class=\"\" data-start=\"152\" data-end=\"174\">Konfidencialit\u0101tes politika<\/h2>\n<p class=\"\" data-start=\"176\" data-end=\"332\">J\u016bsu konfidencialit\u0101te mums ir svar\u012bga. \u0160aj\u0101 konfidencialit\u0101tes politik\u0101 ir izskaidrots, k\u0101du inform\u0101ciju m\u0113s apkopojam, k\u0101 to izmantojam un k\u0101 nodro\u0161in\u0101m t\u0101s aizsardz\u012bbu. <\/p>\n<h3 class=\"\" data-start=\"334\" data-end=\"366\">K\u0101dus datus m\u0113s apkopojam?<\/h3>\n<p class=\"\" data-start=\"368\" data-end=\"464\">Kad m\u016bsu vietn\u0113 aizpild\u0101t kontaktformu, m\u0113s apkopojam tikai j\u016bsu sniegto inform\u0101ciju:<\/p>\n<ul data-start=\"465\" data-end=\"579\">\n<li class=\"\" data-start=\"465\" data-end=\"473\">\n<p class=\"\" data-start=\"467\" data-end=\"473\">Nosaukums<\/p>\n<\/li>\n<li class=\"\" data-start=\"474\" data-end=\"493\">\n<p class=\"\" data-start=\"476\" data-end=\"493\">E-pasta adrese<\/p>\n<\/li>\n<li class=\"\" data-start=\"494\" data-end=\"536\">\n<p class=\"\" data-start=\"496\" data-end=\"536\">T\u0101lru\u0146a numurs (ja ievad\u012bts)<\/p>\n<\/li>\n<li class=\"\" data-start=\"537\" data-end=\"579\">\n<p class=\"\" data-start=\"539\" data-end=\"579\">Cita br\u012bvi ievad\u012bta inform\u0101cija zi\u0146ojuma lauk\u0101<\/p>\n<\/li>\n<\/ul>\n<h3 class=\"\" data-start=\"581\" data-end=\"613\">Kam m\u0113s izmantojam datus?<\/h3>\n<p class=\"\" data-start=\"615\" data-end=\"659\">M\u0113s izmantosim sav\u0101kto inform\u0101ciju tikai, lai:<\/p>\n<ul data-start=\"660\" data-end=\"734\">\n<li class=\"\" data-start=\"660\" data-end=\"688\">\n<p class=\"\" data-start=\"662\" data-end=\"688\">Atbild\u0113t uz j\u016bsu jaut\u0101jumiem<\/p>\n<\/li>\n<li class=\"\" data-start=\"689\" data-end=\"734\">\n<p class=\"\" data-start=\"691\" data-end=\"734\">vajadz\u012bbas gad\u012bjum\u0101 sazin\u0101simies ar jums.<\/p>\n<\/li>\n<\/ul>\n<p class=\"\" data-start=\"736\" data-end=\"830\">M\u0113s neizmantojam datus tie\u0161ajai tirgved\u012bbai un nenododam tos tre\u0161\u0101m pus\u0113m bez j\u016bsu at\u013caujas.<\/p>\n<h3 class=\"\" data-start=\"832\" data-end=\"864\">K\u0101 tiek glab\u0101ti dati?<\/h3>\n<p class=\"\" data-start=\"866\" data-end=\"993\">J\u016bsu dati tiks glab\u0101ti dro\u0161i un tikai tik ilgi, cik tas ir nepiecie\u0161ams nol\u016bkam, k\u0101dam tie tiek v\u0101kti, vai k\u0101 to pieprasa likums.<\/p>\n<h3 class=\"\" data-start=\"995\" data-end=\"1011\">J\u016bsu ties\u012bbas<\/h3>\n<p class=\"\" data-start=\"1013\" data-end=\"1026\">Jums ir taisn\u012bba:<\/p>\n<ul data-start=\"1027\" data-end=\"1158\">\n<li class=\"\" data-start=\"1027\" data-end=\"1061\">\n<p class=\"\" data-start=\"1029\" data-end=\"1061\">Piepras\u012bt piek\u013cuvi saviem datiem<\/p>\n<\/li>\n<li class=\"\" data-start=\"1062\" data-end=\"1107\">\n<p class=\"\" data-start=\"1064\" data-end=\"1107\">Piepras\u012bt datu labo\u0161anu vai dz\u0113\u0161anu<\/p>\n<\/li>\n<li class=\"\" data-start=\"1108\" data-end=\"1158\">\n<p class=\"\" data-start=\"1110\" data-end=\"1158\">atsaukt savu piekri\u0161anu datu apstr\u0101dei.<\/p>\n<\/li>\n<\/ul>\n<p class=\"\" data-start=\"1160\" data-end=\"1225\">Lai to izdar\u012btu, l\u016bdzu, sazinieties ar mums, izmantojot e-pastu vai piepras\u012bjuma veidlapu kontaktlap\u0101.<\/p>\n<h3 class=\"\" data-start=\"1227\" data-end=\"1239\">S\u012bkfaili<\/h3>\n<p class=\"\" data-start=\"1241\" data-end=\"1300\">M\u016bsu vietn\u0113 netiek izmantotas s\u012bkdatnes, lai v\u0101ktu personas datus.<\/p>\n<h3 class=\"\" data-start=\"1302\" data-end=\"1313\">Sazinieties ar<\/h3>\n<p class=\"\" data-start=\"1315\" data-end=\"1462\">Ja jums ir k\u0101di jaut\u0101jumi par m\u016bsu konfidencialit\u0101tes politiku vai v\u0113laties izmantot savas datu aizsardz\u012bbas ties\u012bbas, l\u016bdzu, sazinieties ar mums.<\/p>\t\t\t\t\t\t\t\t<\/div>\n\t\t\t\t<\/div>\n\t\t\t\t\t<\/div>\n\t\t\t\t<\/div>\n\t\t\t\t<\/div>\n\t\t","protected":false},"excerpt":{"rendered":"<p>Konfidencialit\u0101tes politika S\u0101kums \/ Priv\u0101tuma politika Konfidencialit\u0101tes politika J\u016bsu konfidencialit\u0101te mums ir svar\u012bga. \u0160aj\u0101 konfidencialit\u0101tes politik\u0101 ir izskaidrots, k\u0101du inform\u0101ciju m\u0113s apkopojam, k\u0101 to izmantojam un k\u0101 nodro\u0161in\u0101m t\u0101s aizsardz\u012bbu. K\u0101dus datus m\u0113s apkopojam? Kad m\u016bsu vietn\u0113 aizpild\u0101t kontaktformu, m\u0113s apkopojam tikai j\u016bsu sniegto inform\u0101ciju: Nosaukums E-pasta adrese T\u0101lru\u0146a numurs (ja ievad\u012bts) Cita br\u012bvi ievad\u012bta [&hellip;]<\/p>\n","protected":false},"author":1,"featured_media":0,"parent":0,"menu_order":0,"comment_status":"closed","ping_status":"closed","template":"elementor_header_footer","meta":{"footnotes":""},"class_list":["post-5877","page","type-page","status-publish","hentry"],"yoast_head":"<!-- This site is optimized with the Yoast SEO Premium plugin v27.4 (Yoast SEO v27.4) - https:\/\/yoast.com\/product\/yoast-seo-premium-wordpress\/ -->\n<title>Konfidencialit\u0101tes politika - Cantec O\u00dc<\/title>\n<meta name=\"robots\" content=\"index, follow, max-snippet:-1, max-image-preview:large, max-video-preview:-1\" \/>\n<link rel=\"canonical\" href=\"https:\/\/cantec.ee\/lv\/konfidencialitates-politika\/\" \/>\n<meta property=\"og:locale\" content=\"lv_LV\" \/>\n<meta property=\"og:type\" content=\"article\" \/>\n<meta property=\"og:title\" content=\"Konfidencialit\u0101tes politika\" \/>\n<meta property=\"og:description\" content=\"Konfidencialit\u0101tes politika S\u0101kums \/ Priv\u0101tuma politika Konfidencialit\u0101tes politika J\u016bsu konfidencialit\u0101te mums ir svar\u012bga. \u0160aj\u0101 konfidencialit\u0101tes politik\u0101 ir izskaidrots, k\u0101du inform\u0101ciju m\u0113s apkopojam, k\u0101 to izmantojam un k\u0101 nodro\u0161in\u0101m t\u0101s aizsardz\u012bbu. K\u0101dus datus m\u0113s apkopojam? Kad m\u016bsu vietn\u0113 aizpild\u0101t kontaktformu, m\u0113s apkopojam tikai j\u016bsu sniegto inform\u0101ciju: Nosaukums E-pasta adrese T\u0101lru\u0146a numurs (ja ievad\u012bts) Cita br\u012bvi ievad\u012bta [&hellip;]\" \/>\n<meta property=\"og:url\" content=\"https:\/\/cantec.ee\/lv\/konfidencialitates-politika\/\" \/>\n<meta property=\"og:site_name\" content=\"Cantec O\u00dc\" \/>\n<meta property=\"article:modified_time\" content=\"2026-04-02T16:56:18+00:00\" \/>\n<meta property=\"og:image\" content=\"https:\/\/cantec.ee\/wp-content\/uploads\/2026\/02\/cantec-konveiersysteemide-projekteerimine-tootmine-paigaldus-scaled.jpg\" \/>\n\t<meta property=\"og:image:width\" content=\"2560\" \/>\n\t<meta property=\"og:image:height\" content=\"1440\" \/>\n\t<meta property=\"og:image:type\" content=\"image\/jpeg\" \/>\n<meta name=\"twitter:card\" content=\"summary_large_image\" \/>\n<meta name=\"twitter:label1\" content=\"Est. reading time\" \/>\n\t<meta name=\"twitter:data1\" content=\"1 minute\" \/>\n<script type=\"application\/ld+json\" class=\"yoast-schema-graph\">{\"@context\":\"https:\\\/\\\/schema.org\",\"@graph\":[{\"@type\":\"WebPage\",\"@id\":\"https:\\\/\\\/cantec.ee\\\/lv\\\/konfidencialitates-politika\\\/\",\"url\":\"https:\\\/\\\/cantec.ee\\\/lv\\\/konfidencialitates-politika\\\/\",\"name\":\"Konfidencialit\u0101tes politika - Cantec O\u00dc\",\"isPartOf\":{\"@id\":\"https:\\\/\\\/cantec.ee\\\/lv\\\/#website\"},\"datePublished\":\"2025-04-06T12:56:53+00:00\",\"dateModified\":\"2026-04-02T16:56:18+00:00\",\"breadcrumb\":{\"@id\":\"https:\\\/\\\/cantec.ee\\\/lv\\\/konfidencialitates-politika\\\/#breadcrumb\"},\"inLanguage\":\"lv-LV\",\"potentialAction\":[{\"@type\":\"ReadAction\",\"target\":[\"https:\\\/\\\/cantec.ee\\\/lv\\\/konfidencialitates-politika\\\/\"]}]},{\"@type\":\"BreadcrumbList\",\"@id\":\"https:\\\/\\\/cantec.ee\\\/lv\\\/konfidencialitates-politika\\\/#breadcrumb\",\"itemListElement\":[{\"@type\":\"ListItem\",\"position\":1,\"name\":\"Home\",\"item\":\"https:\\\/\\\/cantec.ee\\\/lv\\\/sakumlapa\\\/\"},{\"@type\":\"ListItem\",\"position\":2,\"name\":\"Konfidencialit\u0101tes politika\"}]},{\"@type\":\"WebSite\",\"@id\":\"https:\\\/\\\/cantec.ee\\\/lv\\\/#website\",\"url\":\"https:\\\/\\\/cantec.ee\\\/lv\\\/\",\"name\":\"Cantec\",\"description\":\"Konveierid ja -s\u00fcsteemid, tootearendus, projekteerimine\",\"publisher\":{\"@id\":\"https:\\\/\\\/cantec.ee\\\/lv\\\/#organization\"},\"alternateName\":\"Cantec O\u00dc\",\"potentialAction\":[{\"@type\":\"SearchAction\",\"target\":{\"@type\":\"EntryPoint\",\"urlTemplate\":\"https:\\\/\\\/cantec.ee\\\/lv\\\/?s={search_term_string}\"},\"query-input\":{\"@type\":\"PropertyValueSpecification\",\"valueRequired\":true,\"valueName\":\"search_term_string\"}}],\"inLanguage\":\"lv-LV\"},{\"@type\":[\"Organization\",\"Place\"],\"@id\":\"https:\\\/\\\/cantec.ee\\\/lv\\\/#organization\",\"name\":\"Cantec O\u00dc\",\"alternateName\":\"Cantec\",\"url\":\"https:\\\/\\\/cantec.ee\\\/lv\\\/\",\"logo\":{\"@id\":\"https:\\\/\\\/cantec.ee\\\/lv\\\/konfidencialitates-politika\\\/#local-main-organization-logo\"},\"image\":{\"@id\":\"https:\\\/\\\/cantec.ee\\\/lv\\\/konfidencialitates-politika\\\/#local-main-organization-logo\"},\"sameAs\":[\"https:\\\/\\\/www.linkedin.com\\\/company\\\/cantec-o\u00fc\\\/?viewAsMember=true\",\"https:\\\/\\\/ssb.ee\\\/14281020-CANTEC-OU\\\/meedia-arvamuslood\",\"https:\\\/\\\/ssb.ee\\\/en\\\/14281020-CANTEC-OU\\\/media-storytelling\"],\"description\":\"Cantec O\u00dc is an Estonia-based engineering company specializing in the design, manufacturing, and installation of conveyor systems and material handling solutions. We provide tailored automation solutions for industrial production, logistics centers, warehouses, and recycling facilities. Our product range includes belt conveyors (lintkonveier), roller conveyors (rullkonveier), chain conveyors (kettkonveier), and custom-built conveyor systems designed to optimize production lines and improve efficiency. We also offer spare parts, system upgrades (retrofit), and technical consulting, including pre-project analysis and engineering calculations. With a focus on reliability, efficiency, and long-term performance, Cantec supports industries such as manufacturing, mining, bulk material handling, and waste sorting. Our goal is to help businesses automate processes, reduce manual labor, and increase productivity through smart conveyor solutions.\",\"legalName\":\"Cantec O\u00dc\",\"foundingDate\":\"2017-06-21\",\"numberOfEmployees\":{\"@type\":\"QuantitativeValue\",\"minValue\":\"1\",\"maxValue\":\"10\"},\"publishingPrinciples\":\"https:\\\/\\\/cantec.ee\\\/privaatsuspoliitika\\\/\",\"address\":{\"@id\":\"https:\\\/\\\/cantec.ee\\\/lv\\\/konfidencialitates-politika\\\/#local-main-place-address\"},\"geo\":{\"@type\":\"GeoCoordinates\",\"latitude\":\"59.4154620681051\",\"longitude\":\"24.676637680331982\"},\"telephone\":[],\"contactPoint\":{\"@type\":\"ContactPoint\",\"telephone\":\"+372 5804 3095\",\"email\":\"info@cantec.ee\"},\"openingHoursSpecification\":[{\"@type\":\"OpeningHoursSpecification\",\"dayOfWeek\":[\"Monday\",\"Tuesday\",\"Wednesday\",\"Thursday\",\"Friday\"],\"opens\":\"09:00\",\"closes\":\"17:00\"},{\"@type\":\"OpeningHoursSpecification\",\"dayOfWeek\":[\"Saturday\",\"Sunday\"],\"opens\":\"00:00\",\"closes\":\"00:00\"}],\"email\":\"info@cantec.ee\",\"vatID\":\"EE102013500\"},{\"@type\":\"PostalAddress\",\"@id\":\"https:\\\/\\\/cantec.ee\\\/lv\\\/konfidencialitates-politika\\\/#local-main-place-address\",\"streetAddress\":\"Kadaka tee 63\",\"addressLocality\":\"Tallinn\",\"postalCode\":\"12915\",\"addressRegion\":\"Mustam\u00e4e\",\"addressCountry\":\"EE\"},{\"@type\":\"ImageObject\",\"inLanguage\":\"lv-LV\",\"@id\":\"https:\\\/\\\/cantec.ee\\\/lv\\\/konfidencialitates-politika\\\/#local-main-organization-logo\",\"url\":\"https:\\\/\\\/cantec.ee\\\/wp-content\\\/uploads\\\/2025\\\/04\\\/Cantec-darkcolor@2x.png\",\"contentUrl\":\"https:\\\/\\\/cantec.ee\\\/wp-content\\\/uploads\\\/2025\\\/04\\\/Cantec-darkcolor@2x.png\",\"width\":1501,\"height\":320,\"caption\":\"Cantec O\u00dc\"}]}<\/script>\n<meta name=\"geo.placename\" content=\"Tallinn\" \/>\n<meta name=\"geo.position\" content=\"59.4154620681051;24.676637680331982\" \/>\n<meta name=\"geo.region\" content=\"Estonia\" \/>\n<!-- \/ Yoast SEO Premium plugin. -->","yoast_head_json":{"title":"Konfidencialit\u0101tes politika - Cantec O\u00dc","robots":{"index":"index","follow":"follow","max-snippet":"max-snippet:-1","max-image-preview":"max-image-preview:large","max-video-preview":"max-video-preview:-1"},"canonical":"https:\/\/cantec.ee\/lv\/konfidencialitates-politika\/","og_locale":"lv_LV","og_type":"article","og_title":"Konfidencialit\u0101tes politika","og_description":"Konfidencialit\u0101tes politika S\u0101kums \/ Priv\u0101tuma politika Konfidencialit\u0101tes politika J\u016bsu konfidencialit\u0101te mums ir svar\u012bga. \u0160aj\u0101 konfidencialit\u0101tes politik\u0101 ir izskaidrots, k\u0101du inform\u0101ciju m\u0113s apkopojam, k\u0101 to izmantojam un k\u0101 nodro\u0161in\u0101m t\u0101s aizsardz\u012bbu. K\u0101dus datus m\u0113s apkopojam? Kad m\u016bsu vietn\u0113 aizpild\u0101t kontaktformu, m\u0113s apkopojam tikai j\u016bsu sniegto inform\u0101ciju: Nosaukums E-pasta adrese T\u0101lru\u0146a numurs (ja ievad\u012bts) Cita br\u012bvi ievad\u012bta [&hellip;]","og_url":"https:\/\/cantec.ee\/lv\/konfidencialitates-politika\/","og_site_name":"Cantec O\u00dc","article_modified_time":"2026-04-02T16:56:18+00:00","og_image":[{"width":2560,"height":1440,"url":"https:\/\/cantec.ee\/wp-content\/uploads\/2026\/02\/cantec-konveiersysteemide-projekteerimine-tootmine-paigaldus-scaled.jpg","type":"image\/jpeg"}],"twitter_card":"summary_large_image","twitter_misc":{"Est. reading time":"1 minute"},"schema":{"@context":"https:\/\/schema.org","@graph":[{"@type":"WebPage","@id":"https:\/\/cantec.ee\/lv\/konfidencialitates-politika\/","url":"https:\/\/cantec.ee\/lv\/konfidencialitates-politika\/","name":"Konfidencialit\u0101tes politika - Cantec O\u00dc","isPartOf":{"@id":"https:\/\/cantec.ee\/lv\/#website"},"datePublished":"2025-04-06T12:56:53+00:00","dateModified":"2026-04-02T16:56:18+00:00","breadcrumb":{"@id":"https:\/\/cantec.ee\/lv\/konfidencialitates-politika\/#breadcrumb"},"inLanguage":"lv-LV","potentialAction":[{"@type":"ReadAction","target":["https:\/\/cantec.ee\/lv\/konfidencialitates-politika\/"]}]},{"@type":"BreadcrumbList","@id":"https:\/\/cantec.ee\/lv\/konfidencialitates-politika\/#breadcrumb","itemListElement":[{"@type":"ListItem","position":1,"name":"Home","item":"https:\/\/cantec.ee\/lv\/sakumlapa\/"},{"@type":"ListItem","position":2,"name":"Konfidencialit\u0101tes politika"}]},{"@type":"WebSite","@id":"https:\/\/cantec.ee\/lv\/#website","url":"https:\/\/cantec.ee\/lv\/","name":"Cantec","description":"Konveierid ja -s\u00fcsteemid, tootearendus, projekteerimine","publisher":{"@id":"https:\/\/cantec.ee\/lv\/#organization"},"alternateName":"Cantec O\u00dc","potentialAction":[{"@type":"SearchAction","target":{"@type":"EntryPoint","urlTemplate":"https:\/\/cantec.ee\/lv\/?s={search_term_string}"},"query-input":{"@type":"PropertyValueSpecification","valueRequired":true,"valueName":"search_term_string"}}],"inLanguage":"lv-LV"},{"@type":["Organization","Place"],"@id":"https:\/\/cantec.ee\/lv\/#organization","name":"Cantec O\u00dc","alternateName":"Cantec","url":"https:\/\/cantec.ee\/lv\/","logo":{"@id":"https:\/\/cantec.ee\/lv\/konfidencialitates-politika\/#local-main-organization-logo"},"image":{"@id":"https:\/\/cantec.ee\/lv\/konfidencialitates-politika\/#local-main-organization-logo"},"sameAs":["https:\/\/www.linkedin.com\/company\/cantec-o\u00fc\/?viewAsMember=true","https:\/\/ssb.ee\/14281020-CANTEC-OU\/meedia-arvamuslood","https:\/\/ssb.ee\/en\/14281020-CANTEC-OU\/media-storytelling"],"description":"Cantec O\u00dc is an Estonia-based engineering company specializing in the design, manufacturing, and installation of conveyor systems and material handling solutions. We provide tailored automation solutions for industrial production, logistics centers, warehouses, and recycling facilities. Our product range includes belt conveyors (lintkonveier), roller conveyors (rullkonveier), chain conveyors (kettkonveier), and custom-built conveyor systems designed to optimize production lines and improve efficiency. We also offer spare parts, system upgrades (retrofit), and technical consulting, including pre-project analysis and engineering calculations. With a focus on reliability, efficiency, and long-term performance, Cantec supports industries such as manufacturing, mining, bulk material handling, and waste sorting. Our goal is to help businesses automate processes, reduce manual labor, and increase productivity through smart conveyor solutions.","legalName":"Cantec O\u00dc","foundingDate":"2017-06-21","numberOfEmployees":{"@type":"QuantitativeValue","minValue":"1","maxValue":"10"},"publishingPrinciples":"https:\/\/cantec.ee\/privaatsuspoliitika\/","address":{"@id":"https:\/\/cantec.ee\/lv\/konfidencialitates-politika\/#local-main-place-address"},"geo":{"@type":"GeoCoordinates","latitude":"59.4154620681051","longitude":"24.676637680331982"},"telephone":[],"contactPoint":{"@type":"ContactPoint","telephone":"+372 5804 3095","email":"info@cantec.ee"},"openingHoursSpecification":[{"@type":"OpeningHoursSpecification","dayOfWeek":["Monday","Tuesday","Wednesday","Thursday","Friday"],"opens":"09:00","closes":"17:00"},{"@type":"OpeningHoursSpecification","dayOfWeek":["Saturday","Sunday"],"opens":"00:00","closes":"00:00"}],"email":"info@cantec.ee","vatID":"EE102013500"},{"@type":"PostalAddress","@id":"https:\/\/cantec.ee\/lv\/konfidencialitates-politika\/#local-main-place-address","streetAddress":"Kadaka tee 63","addressLocality":"Tallinn","postalCode":"12915","addressRegion":"Mustam\u00e4e","addressCountry":"EE"},{"@type":"ImageObject","inLanguage":"lv-LV","@id":"https:\/\/cantec.ee\/lv\/konfidencialitates-politika\/#local-main-organization-logo","url":"https:\/\/cantec.ee\/wp-content\/uploads\/2025\/04\/Cantec-darkcolor@2x.png","contentUrl":"https:\/\/cantec.ee\/wp-content\/uploads\/2025\/04\/Cantec-darkcolor@2x.png","width":1501,"height":320,"caption":"Cantec O\u00dc"}]},"geo.placename":"Tallinn","geo.position":{"lat":"59.4154620681051","long":"24.676637680331982"},"geo.region":"Estonia"},"_links":{"self":[{"href":"https:\/\/cantec.ee\/lv\/wp-json\/wp\/v2\/pages\/5877","targetHints":{"allow":["GET"]}}],"collection":[{"href":"https:\/\/cantec.ee\/lv\/wp-json\/wp\/v2\/pages"}],"about":[{"href":"https:\/\/cantec.ee\/lv\/wp-json\/wp\/v2\/types\/page"}],"author":[{"embeddable":true,"href":"https:\/\/cantec.ee\/lv\/wp-json\/wp\/v2\/users\/1"}],"replies":[{"embeddable":true,"href":"https:\/\/cantec.ee\/lv\/wp-json\/wp\/v2\/comments?post=5877"}],"version-history":[{"count":5,"href":"https:\/\/cantec.ee\/lv\/wp-json\/wp\/v2\/pages\/5877\/revisions"}],"predecessor-version":[{"id":5908,"href":"https:\/\/cantec.ee\/lv\/wp-json\/wp\/v2\/pages\/5877\/revisions\/5908"}],"wp:attachment":[{"href":"https:\/\/cantec.ee\/lv\/wp-json\/wp\/v2\/media?parent=5877"}],"curies":[{"name":"wp","href":"https:\/\/api.w.org\/{rel}","templated":true}]}}